{"id":29074,"date":"2022-03-29T16:07:00","date_gmt":"2022-03-29T14:07:00","guid":{"rendered":"https:\/\/magazine.bikeitexperience.com\/bedingungen-und-konditionen\/"},"modified":"2023-04-06T15:06:19","modified_gmt":"2023-04-06T13:06:19","slug":"bedingungen-und-konditionen","status":"publish","type":"page","link":"https:\/\/blog.bikeit.bike\/de\/bedingungen-und-konditionen\/","title":{"rendered":"Bedingungen und Konditionen"},"content":{"rendered":"\t\t<div data-elementor-type=\"wp-page\" data-elementor-id=\"29074\" class=\"elementor elementor-29074 elementor-26876\" data-elementor-post-type=\"page\">\n\t\t\t\t\t\t\t\t\t<section class=\"elementor-section elementor-top-section elementor-element elementor-element-456c69d3 elementor-section-boxed elementor-section-height-default elementor-section-height-default\" data-id=\"456c69d3\" data-element_type=\"section\">\n\t\t\t\t\t\t<div class=\"elementor-container elementor-column-gap-default\">\n\t\t\t\t\t<div class=\"elementor-column elementor-col-100 elementor-top-column elementor-element elementor-element-38837331\" data-id=\"38837331\" data-element_type=\"column\">\n\t\t\t<div class=\"elementor-widget-wrap elementor-element-populated\">\n\t\t\t\t\t\t\t\t<div class=\"elementor-element elementor-element-21e2014 elementor-widget elementor-widget-heading\" data-id=\"21e2014\" data-element_type=\"widget\" data-widget_type=\"heading.default\">\n\t\t\t\t<div class=\"elementor-widget-container\">\n\t\t\t<style>\/*! elementor - v3.14.0 - 26-06-2023 *\/\n.elementor-heading-title{padding:0;margin:0;line-height:1}.elementor-widget-heading .elementor-heading-title[class*=elementor-size-]>a{color:inherit;font-size:inherit;line-height:inherit}.elementor-widget-heading .elementor-heading-title.elementor-size-small{font-size:15px}.elementor-widget-heading .elementor-heading-title.elementor-size-medium{font-size:19px}.elementor-widget-heading .elementor-heading-title.elementor-size-large{font-size:29px}.elementor-widget-heading .elementor-heading-title.elementor-size-xl{font-size:39px}.elementor-widget-heading .elementor-heading-title.elementor-size-xxl{font-size:59px}<\/style><h1 class=\"elementor-heading-title elementor-size-default\">Bedingungen und Konditionen<\/h1>\t\t<\/div>\n\t\t\t\t<\/div>\n\t\t\t\t\t<\/div>\n\t\t<\/div>\n\t\t\t\t\t\t\t<\/div>\n\t\t<\/section>\n\t\t\t\t<section class=\"elementor-section elementor-top-section elementor-element elementor-element-15fb1e7 elementor-section-boxed elementor-section-height-default elementor-section-height-default\" data-id=\"15fb1e7\" data-element_type=\"section\">\n\t\t\t\t\t\t<div class=\"elementor-container elementor-column-gap-default\">\n\t\t\t\t\t<div class=\"elementor-column elementor-col-100 elementor-top-column elementor-element elementor-element-88b73a1\" data-id=\"88b73a1\" data-element_type=\"column\">\n\t\t\t<div class=\"elementor-widget-wrap elementor-element-populated\">\n\t\t\t\t\t\t\t\t<div class=\"elementor-element elementor-element-c1cba32 elementor-widget elementor-widget-text-editor\" data-id=\"c1cba32\" data-element_type=\"widget\" data-widget_type=\"text-editor.default\">\n\t\t\t\t<div class=\"elementor-widget-container\">\n\t\t\t<style>\/*! elementor - v3.14.0 - 26-06-2023 *\/\n.elementor-widget-text-editor.elementor-drop-cap-view-stacked .elementor-drop-cap{background-color:#69727d;color:#fff}.elementor-widget-text-editor.elementor-drop-cap-view-framed .elementor-drop-cap{color:#69727d;border:3px solid;background-color:transparent}.elementor-widget-text-editor:not(.elementor-drop-cap-view-default) .elementor-drop-cap{margin-top:8px}.elementor-widget-text-editor:not(.elementor-drop-cap-view-default) .elementor-drop-cap-letter{width:1em;height:1em}.elementor-widget-text-editor .elementor-drop-cap{float:left;text-align:center;line-height:1;font-size:50px}.elementor-widget-text-editor .elementor-drop-cap-letter{display:inline-block}<\/style>\t\t\t\t<p><span style=\"font-weight: 400;\">Diese Allgemeinen Gesch\u00e4ftsbedingungen regeln das Angebot und den Verkauf von Produkten (wie unten definiert) auf der Website <a href=\"http:\/\/bikeit.bike\">bikeit.bike<\/a> <\/span><span style=\"font-weight: 400;\">und auf anderen Webadressen, die auf bikeit.bike von Sportit S.r.l. mit Sitz in Mailand, Viale Degli Abruzzi 41, cap 20131, eingetragen im Handelsregister von Mailand unter der Nummer. MI &#8211; 2098729, Steuernummer und MwSt.-Nr. 09545330962, von der Stadt Mailand zugelassenes Online-Reiseb\u00fcro Prot. MI-SUPRO\/0146812 vom 08.08.2018 unter der Versicherungsnummer 1505002199\/Z von Nobis Compagnia di Assicurazioni S.p.A.<\/span><\/p>\n<p><span style=\"font-weight: 400;\">Bitte lesen Sie die Allgemeinen Verkaufsbedingungen sorgf\u00e4ltig durch, bevor Sie Ihre Bestellung aufgeben.<\/span><\/p>\n<h2><b>Artikel 1 &#8211; Zum Erwerb berechtigte Personen<\/b><\/h2>\n<p><span style=\"font-weight: 400;\">Eink\u00e4ufe auf der Bikeit-Plattform k\u00f6nnen von allen Verbrauchern als nat\u00fcrliche Personen get\u00e4tigt werden.<\/span><\/p>\n<h2><b>Artikel 2 &#8211; Angebotene Produkte\/Dienstleistungen<\/b><\/h2>\n<p><span style=\"font-weight: 400;\">Die Firma<\/span> <b>Sportit Srl<\/b> <span style=\"font-weight: 400;\">kann nicht f\u00fcr freiwillige und\/oder zuf\u00e4llige Sach- und\/oder Personensch\u00e4den haftbar gemacht werden, die auf den Kauf von Produkten zur\u00fcckzuf\u00fchren sind, die \u00fcber den Bikeit-Marktplatz verkauft werden.<\/span><\/p>\n<h3><b>Bedingungen f\u00fcr den R\u00fccktritt<\/b><\/h3>\n<p><span style=\"font-weight: 400;\">Die Einzelheiten zum R\u00fccktritts-\/Stornierungsrecht f\u00fcr Bikeit-Reisepakete sind im Detailblatt jedes einzelnen Produkts angegeben. <\/span><\/p>\n<p><span style=\"font-weight: 400;\">Sofern nicht anders auf dem jeweiligen Produktdatenblatt angegeben, hat der Endverbraucher, der auf dem Bikeit-Marktplatz kauft, nach der Best\u00e4tigung seiner Buchung keinen Anspruch auf R\u00fcckerstattung oder Entsch\u00e4digung. Besuchen Sie unsere Seite auf <\/span><a href=\"https:\/\/snowit.help.mytalkdesk.eu\/bikeit-it\/\"><span style=\"font-weight: 400;\">Stornierungsbedingungen<\/span><\/a><span style=\"font-weight: 400;\">.<\/span><\/p>\n<h3><strong>Versicherungsbedingungen<\/strong><\/h3>\n<p>Mit dem Abschluss der Multisport by Bikeit-Versicherung erkl\u00e4rt der K\u00e4ufer, dass er das gesamte <a href=\"https:\/\/firebasestorage.googleapis.com\/v0\/b\/snowit-images\/o\/Assicurazione-sportiva-Set-informativo_2023.pdf?alt=media&amp;token=ebbc32a1-e223-43da-8b8a-7f95b1801889\" target=\"_blank\" rel=\"noopener\">Informationspaket<\/a> (DIP; Zusatz-DIP; Versicherungsbedingungen und Datenschutz) und die Anh\u00e4nge 3, 4 und 4b gelesen, verstanden und heruntergeladen hat. Er erkl\u00e4rt au\u00dferdem, dass er die allgemeinen Versicherungsbedingungen akzeptiert hat und die Multisport by Bikeit Versicherung abschlie\u00dfen m\u00f6chte.<\/p>\n<p>Die Informationen werden in digitaler Form zur Verf\u00fcgung gestellt, k\u00f6nnen aber auf Wunsch des Versicherten auch in Papierform ausgeh\u00e4ndigt werden.<\/p>\n<h2><b>Artikel 3 &#8211; \u00c4nderung der Reservierung<\/b><\/h2>\n<p><span style=\"font-weight: 400;\">Die Bedingungen f\u00fcr die \u00c4nderung der vorgenommenen Reservierung sind im Detailblatt jedes einzelnen Produkts angegeben. <\/span><\/p>\n<p><span style=\"font-weight: 400;\">Wenn nicht anders auf dem jeweiligen Produktdatenblatt angegeben, ist die \u00fcber die Bikeit-Plattform get\u00e4tigte Buchung nicht ver\u00e4nderbar.<\/span><\/p>\n<h2><b>Artikel 4 &#8211; Produkte und Preise<\/b><\/h2>\n<p><span style=\"font-weight: 400;\">Die Produkte werden auf der Seite &#8222;Produktbeschreibung&#8220; auf der Website beschrieben.<\/span><\/p>\n<p><span style=\"font-weight: 400;\">Die Preise sind in Euro angegeben und enthalten immer die Mehrwertsteuer.<\/span><\/p>\n<h2><b>Artikel 5 &#8211; Kaufverfahren<\/b><\/h2>\n<p><span style=\"font-weight: 400;\">Um eine Bestellung f\u00fcr den Kauf eines oder mehrerer Produkte aufzugeben, m\u00fcssen Sie auf die Bikeit-Website gehen und das oder die gew\u00fcnschten Produkte ausw\u00e4hlen. Sobald Sie das\/die Produkt(e) gekauft haben, erkl\u00e4ren Sie:<\/span><\/p>\n<ol>\n<li style=\"font-weight: 400;\" aria-level=\"1\"><span style=\"font-weight: 400;\">die &#8222;Produktbeschreibung&#8220; der Dienstleistung des Anbieters vollst\u00e4ndig gelesen und verstanden zu haben,<\/span><\/li>\n<li style=\"font-weight: 400;\" aria-level=\"1\"><span style=\"font-weight: 400;\">die Bestimmungen dieser Verkaufsbedingungen und (gegebenenfalls) die Verkaufsbedingungen des Lieferanten (die Servicebedingungen) vorbehaltlos zu akzeptieren und sich zu verpflichten, diese einzuhalten.<\/span><\/li>\n<\/ol>\n<div> <\/div>\n<p><span style=\"font-weight: 400;\">Alle finanziellen Daten (Kreditkartennummer oder G\u00fcltigkeitsdatum) werden \u00fcber ein verschl\u00fcsseltes Protokoll an Stripe oder andere, von Zeit zu Zeit verf\u00fcgbare Zahlungsdienstleister gesendet, ohne dass Dritte darauf Zugriff haben. Diese Daten werden von Sportit Srl nicht verwendet, es sei denn, sie dienen der Abwicklung des Kaufvorgangs oder der R\u00fcckerstattung im Falle von Stornierungen, der Aus\u00fcbung des Widerrufsrechts oder der Anzeige von Betrugsf\u00e4llen bei den Polizeibeh\u00f6rden.<\/span><\/p>\n<p>Wenn Sie mit Scalapay kaufen, erhalten Sie Ihre Bestellung sofort und zahlen in 3 Raten. Sie erkennen an, dass die Raten an Incremento SPV S.r.l., verbundene Parteien und deren Bevollm\u00e4chtigte abgetreten werden, und dass Sie diese Abtretung genehmigen.<\/p>\n<p><span style=\"font-weight: 400;\">Um in den Genuss der subventionierten Tarife zu kommen<\/span>, <b>ist es immer erforderlich<\/b>, <span style=\"font-weight: 400;\">die Website aufzurufen und den Kauf zu t\u00e4tigen<\/span>.<\/p>\n<h2><b>Artikel 6 &#8211; Personenbezogene Daten<\/b><\/h2>\n<p><span style=\"font-weight: 400;\">F\u00fcr weitere Informationen \u00fcber die Verarbeitung Ihrer pers\u00f6nlichen Daten konsultieren Sie bitte den Abschnitt \u00fcber den Datenschutz.<\/span><\/p>\n<p><span style=\"font-weight: 400;\">F\u00fcr weitere Informationen k\u00f6nnen Sie den Bikeit-Support unter der folgenden E-Mail-Adresse<\/span> <span style=\"font-weight: 400;\"><a href=\"mailto:assistenza@bikeitexperience.com\">assistenza@bikeitexperience.com<\/a> kontaktieren oder unseren <a href=\"https:\/\/snowit.help.mytalkdesk.eu\/bikeit-it\/\">Support<\/a> konsultieren.<\/span><\/p>\n\t\t\t\t\t\t<\/div>\n\t\t\t\t<\/div>\n\t\t\t\t\t<\/div>\n\t\t<\/div>\n\t\t\t\t\t\t\t<\/div>\n\t\t<\/section>\n\t\t\t\t\t\t\t<\/div>\n\t\t","protected":false},"excerpt":{"rendered":"<p>Bedingungen und Konditionen Diese Allgemeinen Gesch\u00e4ftsbedingungen regeln das Angebot und den Verkauf von Produkten (wie unten definiert) auf der Website bikeit.bike und auf anderen Webadressen, die auf bikeit.bike von Sportit S.r.l. mit Sitz in Mailand, Viale Degli Abruzzi 41, cap 20131, eingetragen im Handelsregister von Mailand unter der Nummer. MI &#8211; 2098729, Steuernummer und MwSt.-Nr. [&hellip;]<\/p>\n","protected":false},"author":30,"featured_media":0,"parent":0,"menu_order":0,"comment_status":"closed","ping_status":"closed","template":"","meta":{"_mo_disable_npp":""},"yoast_head":"<!-- This site is optimized with the Yoast SEO plugin v20.11 - https:\/\/yoast.com\/wordpress\/plugins\/seo\/ -->\n<title>Bedingungen und Konditionen &bull; Bikeit<\/title>\n<meta name=\"robots\" content=\"noindex, follow\" \/>\n<meta property=\"og:locale\" content=\"de_DE\" \/>\n<meta property=\"og:type\" content=\"article\" \/>\n<meta property=\"og:title\" content=\"Bedingungen und Konditionen &bull; Bikeit\" \/>\n<meta property=\"og:description\" content=\"Bedingungen und Konditionen Diese Allgemeinen Gesch\u00e4ftsbedingungen regeln das Angebot und den Verkauf von Produkten (wie unten definiert) auf der Website bikeit.bike und auf anderen Webadressen, die auf bikeit.bike von Sportit S.r.l. mit Sitz in Mailand, Viale Degli Abruzzi 41, cap 20131, eingetragen im Handelsregister von Mailand unter der Nummer. MI &#8211; 2098729, Steuernummer und MwSt.-Nr. [&hellip;]\" \/>\n<meta property=\"og:url\" content=\"https:\/\/blog.bikeit.bike\/de\/bedingungen-und-konditionen\/\" \/>\n<meta property=\"og:site_name\" content=\"Bikeit\" \/>\n<meta property=\"article:publisher\" content=\"https:\/\/www.facebook.com\/bikeitexperience\/\" \/>\n<meta property=\"article:modified_time\" content=\"2023-04-06T13:06:19+00:00\" \/>\n<meta property=\"og:image\" content=\"https:\/\/bikeit.fra1.digitaloceanspaces.com\/uploads\/2023\/07\/3.jpg\" \/>\n\t<meta property=\"og:image:width\" content=\"1200\" \/>\n\t<meta property=\"og:image:height\" content=\"675\" \/>\n\t<meta property=\"og:image:type\" content=\"image\/jpeg\" \/>\n<meta name=\"twitter:card\" content=\"summary_large_image\" \/>\n<meta name=\"twitter:label1\" content=\"Gesch\u00e4tzte Lesezeit\" \/>\n\t<meta name=\"twitter:data1\" content=\"3\u00a0Minuten\" \/>\n<script type=\"application\/ld+json\" class=\"yoast-schema-graph\">{\"@context\":\"https:\/\/schema.org\",\"@graph\":[{\"@type\":\"WebPage\",\"@id\":\"https:\/\/blog.bikeit.bike\/de\/bedingungen-und-konditionen\/\",\"url\":\"https:\/\/blog.bikeit.bike\/de\/bedingungen-und-konditionen\/\",\"name\":\"Bedingungen und Konditionen &bull; Bikeit\",\"isPartOf\":{\"@id\":\"https:\/\/blog.bikeit.bike\/de\/#website\"},\"datePublished\":\"2022-03-29T14:07:00+00:00\",\"dateModified\":\"2023-04-06T13:06:19+00:00\",\"breadcrumb\":{\"@id\":\"https:\/\/blog.bikeit.bike\/de\/bedingungen-und-konditionen\/#breadcrumb\"},\"inLanguage\":\"de\",\"potentialAction\":[{\"@type\":\"ReadAction\",\"target\":[\"https:\/\/blog.bikeit.bike\/de\/bedingungen-und-konditionen\/\"]}]},{\"@type\":\"BreadcrumbList\",\"@id\":\"https:\/\/blog.bikeit.bike\/de\/bedingungen-und-konditionen\/#breadcrumb\",\"itemListElement\":[{\"@type\":\"ListItem\",\"position\":1,\"name\":\"Home\",\"item\":\"https:\/\/blog.bikeit.bike\/de\/\"},{\"@type\":\"ListItem\",\"position\":2,\"name\":\"Bedingungen und Konditionen\"}]},{\"@type\":\"WebSite\",\"@id\":\"https:\/\/blog.bikeit.bike\/de\/#website\",\"url\":\"https:\/\/blog.bikeit.bike\/de\/\",\"name\":\"Bikeit\",\"description\":\"Bike Travels\",\"publisher\":{\"@id\":\"https:\/\/blog.bikeit.bike\/de\/#organization\"},\"potentialAction\":[{\"@type\":\"SearchAction\",\"target\":{\"@type\":\"EntryPoint\",\"urlTemplate\":\"https:\/\/blog.bikeit.bike\/de\/?s={search_term_string}\"},\"query-input\":\"required name=search_term_string\"}],\"inLanguage\":\"de\"},{\"@type\":\"Organization\",\"@id\":\"https:\/\/blog.bikeit.bike\/de\/#organization\",\"name\":\"Bikeit\",\"url\":\"https:\/\/blog.bikeit.bike\/de\/\",\"logo\":{\"@type\":\"ImageObject\",\"inLanguage\":\"de\",\"@id\":\"https:\/\/blog.bikeit.bike\/de\/#\/schema\/logo\/image\/\",\"url\":\"https:\/\/bikeit.fra1.digitaloceanspaces.com\/uploads\/2022\/03\/Gruppo-di-maschere-1@2x.png\",\"contentUrl\":\"https:\/\/bikeit.fra1.digitaloceanspaces.com\/uploads\/2022\/03\/Gruppo-di-maschere-1@2x.png\",\"width\":700,\"height\":200,\"caption\":\"Bikeit\"},\"image\":{\"@id\":\"https:\/\/blog.bikeit.bike\/de\/#\/schema\/logo\/image\/\"},\"sameAs\":[\"https:\/\/www.facebook.com\/bikeitexperience\/\",\"https:\/\/www.instagram.com\/bikeitexperience\/\"]}]}<\/script>\n<!-- \/ Yoast SEO plugin. -->","yoast_head_json":{"title":"Bedingungen und Konditionen &bull; Bikeit","robots":{"index":"noindex","follow":"follow"},"og_locale":"de_DE","og_type":"article","og_title":"Bedingungen und Konditionen &bull; Bikeit","og_description":"Bedingungen und Konditionen Diese Allgemeinen Gesch\u00e4ftsbedingungen regeln das Angebot und den Verkauf von Produkten (wie unten definiert) auf der Website bikeit.bike und auf anderen Webadressen, die auf bikeit.bike von Sportit S.r.l. mit Sitz in Mailand, Viale Degli Abruzzi 41, cap 20131, eingetragen im Handelsregister von Mailand unter der Nummer. MI &#8211; 2098729, Steuernummer und MwSt.-Nr. [&hellip;]","og_url":"https:\/\/blog.bikeit.bike\/de\/bedingungen-und-konditionen\/","og_site_name":"Bikeit","article_publisher":"https:\/\/www.facebook.com\/bikeitexperience\/","article_modified_time":"2023-04-06T13:06:19+00:00","og_image":[{"width":1200,"height":675,"url":"https:\/\/bikeit.fra1.digitaloceanspaces.com\/uploads\/2023\/07\/3.jpg","type":"image\/jpeg"}],"twitter_card":"summary_large_image","twitter_misc":{"Gesch\u00e4tzte Lesezeit":"3\u00a0Minuten"},"schema":{"@context":"https:\/\/schema.org","@graph":[{"@type":"WebPage","@id":"https:\/\/blog.bikeit.bike\/de\/bedingungen-und-konditionen\/","url":"https:\/\/blog.bikeit.bike\/de\/bedingungen-und-konditionen\/","name":"Bedingungen und Konditionen &bull; Bikeit","isPartOf":{"@id":"https:\/\/blog.bikeit.bike\/de\/#website"},"datePublished":"2022-03-29T14:07:00+00:00","dateModified":"2023-04-06T13:06:19+00:00","breadcrumb":{"@id":"https:\/\/blog.bikeit.bike\/de\/bedingungen-und-konditionen\/#breadcrumb"},"inLanguage":"de","potentialAction":[{"@type":"ReadAction","target":["https:\/\/blog.bikeit.bike\/de\/bedingungen-und-konditionen\/"]}]},{"@type":"BreadcrumbList","@id":"https:\/\/blog.bikeit.bike\/de\/bedingungen-und-konditionen\/#breadcrumb","itemListElement":[{"@type":"ListItem","position":1,"name":"Home","item":"https:\/\/blog.bikeit.bike\/de\/"},{"@type":"ListItem","position":2,"name":"Bedingungen und Konditionen"}]},{"@type":"WebSite","@id":"https:\/\/blog.bikeit.bike\/de\/#website","url":"https:\/\/blog.bikeit.bike\/de\/","name":"Bikeit","description":"Bike Travels","publisher":{"@id":"https:\/\/blog.bikeit.bike\/de\/#organization"},"potentialAction":[{"@type":"SearchAction","target":{"@type":"EntryPoint","urlTemplate":"https:\/\/blog.bikeit.bike\/de\/?s={search_term_string}"},"query-input":"required name=search_term_string"}],"inLanguage":"de"},{"@type":"Organization","@id":"https:\/\/blog.bikeit.bike\/de\/#organization","name":"Bikeit","url":"https:\/\/blog.bikeit.bike\/de\/","logo":{"@type":"ImageObject","inLanguage":"de","@id":"https:\/\/blog.bikeit.bike\/de\/#\/schema\/logo\/image\/","url":"https:\/\/bikeit.fra1.digitaloceanspaces.com\/uploads\/2022\/03\/Gruppo-di-maschere-1@2x.png","contentUrl":"https:\/\/bikeit.fra1.digitaloceanspaces.com\/uploads\/2022\/03\/Gruppo-di-maschere-1@2x.png","width":700,"height":200,"caption":"Bikeit"},"image":{"@id":"https:\/\/blog.bikeit.bike\/de\/#\/schema\/logo\/image\/"},"sameAs":["https:\/\/www.facebook.com\/bikeitexperience\/","https:\/\/www.instagram.com\/bikeitexperience\/"]}]}},"_links":{"self":[{"href":"https:\/\/blog.bikeit.bike\/de\/wp-json\/wp\/v2\/pages\/29074"}],"collection":[{"href":"https:\/\/blog.bikeit.bike\/de\/wp-json\/wp\/v2\/pages"}],"about":[{"href":"https:\/\/blog.bikeit.bike\/de\/wp-json\/wp\/v2\/types\/page"}],"author":[{"embeddable":true,"href":"https:\/\/blog.bikeit.bike\/de\/wp-json\/wp\/v2\/users\/30"}],"replies":[{"embeddable":true,"href":"https:\/\/blog.bikeit.bike\/de\/wp-json\/wp\/v2\/comments?post=29074"}],"version-history":[{"count":2,"href":"https:\/\/blog.bikeit.bike\/de\/wp-json\/wp\/v2\/pages\/29074\/revisions"}],"predecessor-version":[{"id":29505,"href":"https:\/\/blog.bikeit.bike\/de\/wp-json\/wp\/v2\/pages\/29074\/revisions\/29505"}],"wp:attachment":[{"href":"https:\/\/blog.bikeit.bike\/de\/wp-json\/wp\/v2\/media?parent=29074"}],"curies":[{"name":"wp","href":"https:\/\/api.w.org\/{rel}","templated":true}]}}